{"id":1735,"date":"2025-11-30T14:58:14","date_gmt":"2025-11-30T13:58:14","guid":{"rendered":"https:\/\/showroommarinette.com\/?post_type=product&#038;p=1735"},"modified":"2025-11-30T14:59:19","modified_gmt":"2025-11-30T13:59:19","slug":"etagere-arquee-ref-sun26-118","status":"publish","type":"product","link":"https:\/\/showroommarinette.com\/index.php\/product\/etagere-arquee-ref-sun26-118\/","title":{"rendered":"\u00c9tag\u00e8re Arqu\u00e9e &#8211; Ref. SUN26 118"},"content":{"rendered":"","protected":false},"excerpt":{"rendered":"","protected":false},"featured_media":1738,"template":"","meta":{"saved_in_kubio":false,"om_disable_all_campaigns":false,"_monsterinsights_skip_tracking":false,"_monsterinsights_sitenote_active":false,"_monsterinsights_sitenote_note":"","_monsterinsights_sitenote_category":0,"_themeisle_gutenberg_block_has_review":false},"product_brand":[],"product_cat":[46,37],"product_tag":[],"class_list":{"0":"post-1735","1":"product","2":"type-product","3":"status-publish","4":"has-post-thumbnail","6":"product_cat-arrivage-10-12-25","7":"product_cat-etageres","8":"pa_arrivage-arrivage-10-12-25","10":"first","11":"instock","12":"shipping-taxable","13":"product-type-simple"},"aioseo_notices":[],"_links":{"self":[{"href":"https:\/\/showroommarinette.com\/index.php\/wp-json\/wp\/v2\/product\/1735","targetHints":{"allow":["GET"]}}],"collection":[{"href":"https:\/\/showroommarinette.com\/index.php\/wp-json\/wp\/v2\/product"}],"about":[{"href":"https:\/\/showroommarinette.com\/index.php\/wp-json\/wp\/v2\/types\/product"}],"wp:featuredmedia":[{"embeddable":true,"href":"https:\/\/showroommarinette.com\/index.php\/wp-json\/wp\/v2\/media\/1738"}],"wp:attachment":[{"href":"https:\/\/showroommarinette.com\/index.php\/wp-json\/wp\/v2\/media?parent=1735"}],"wp:term":[{"taxonomy":"product_brand","embeddable":true,"href":"https:\/\/showroommarinette.com\/index.php\/wp-json\/wp\/v2\/product_brand?post=1735"},{"taxonomy":"product_cat","embeddable":true,"href":"https:\/\/showroommarinette.com\/index.php\/wp-json\/wp\/v2\/product_cat?post=1735"},{"taxonomy":"product_tag","embeddable":true,"href":"https:\/\/showroommarinette.com\/index.php\/wp-json\/wp\/v2\/product_tag?post=1735"}],"curies":[{"name":"wp","href":"https:\/\/api.w.org\/{rel}","templated":true}]}}